{"id":235,"date":"2022-11-02T00:23:46","date_gmt":"2022-11-02T00:23:46","guid":{"rendered":"https:\/\/ramsessrl.com.ar\/?page_id=235"},"modified":"2022-11-13T22:21:04","modified_gmt":"2022-11-13T22:21:04","slug":"fertilizantes-sustentables","status":"publish","type":"page","link":"https:\/\/ramsessrl.com.ar\/?page_id=235","title":{"rendered":"Fertilizantes sustentables"},"content":{"rendered":"<p>[et_pb_section fb_built=\u00bb1&#8243; padding_top_bottom_link_2=\u00bbfalse\u00bb padding_left_right_link_2=\u00bbfalse\u00bb admin_label=\u00bbHeader\u00bb _builder_version=\u00bb4.14.7&#8243; use_background_color_gradient=\u00bbon\u00bb background_color_gradient_start=\u00bb#009b3f\u00bb background_color_gradient_end=\u00bb#3a56da\u00bb overflow-x=\u00bbhidden\u00bb overflow-y=\u00bbhidden\u00bb custom_padding=\u00bb||||false|false\u00bb bottom_divider_style=\u00bbslant\u00bb bottom_divider_color=\u00bb#ffffff\u00bb bottom_divider_height=\u00bb58vw\u00bb bottom_divider_flip=\u00bbhorizontal\u00bb locked=\u00bboff\u00bb global_colors_info=\u00bb{}\u00bb][et_pb_row column_structure=\u00bb3_5,2_5&#8243; _builder_version=\u00bb4.14.7&#8243; max_width=\u00bb1390px\u00bb global_colors_info=\u00bb{}\u00bb][et_pb_column type=\u00bb3_5&#8243; _builder_version=\u00bb3.26.2&#8243; global_colors_info=\u00bb{}\u00bb][et_pb_text _builder_version=\u00bb4.14.7&#8243; header_font=\u00bbHeebo|300|||||||\u00bb header_font_size=\u00bb80px\u00bb background_layout=\u00bbdark\u00bb hover_enabled=\u00bb0&#8243; header_font_size_tablet=\u00bb70px\u00bb header_font_size_phone=\u00bb36px\u00bb header_font_size_last_edited=\u00bbon|phone\u00bb locked=\u00bboff\u00bb global_colors_info=\u00bb{}\u00bb sticky_enabled=\u00bb0&#8243;]<\/p>\n<h1><strong>FERTILIZANTES<\/strong><\/h1>\n<h1><strong>SUSTENTABLES<\/strong><\/h1>\n<p>[\/et_pb_text][et_pb_button button_url=\u00bbhttps:\/\/ramsessrl.com.ar\/contacto\/\u00bb button_text=\u00bbm\u00e1s informaci\u00f3n\u00bb _builder_version=\u00bb4.14.7&#8243; custom_button=\u00bbon\u00bb button_text_size=\u00bb14px\u00bb button_text_color=\u00bb#ffffff\u00bb button_bg_use_color_gradient=\u00bbon\u00bb button_bg_color_gradient_start=\u00bb#ffb565&#8243; button_bg_color_gradient_end=\u00bb#ff8e60&#8243; button_bg_color_gradient_direction=\u00bb148deg\u00bb button_border_width=\u00bb0px\u00bb button_border_radius=\u00bb100px\u00bb button_letter_spacing=\u00bb2px\u00bb button_font=\u00bbHeebo|700||on|||||\u00bb custom_padding=\u00bb15px|34px|15px|34px|true|true\u00bb box_shadow_style=\u00bbpreset3&#8243; box_shadow_vertical=\u00bb10px\u00bb box_shadow_blur=\u00bb30px\u00bb box_shadow_spread=\u00bb-10px\u00bb box_shadow_color=\u00bbrgba(255,142,96,0.39)\u00bb locked=\u00bboff\u00bb global_colors_info=\u00bb{}\u00bb box_shadow_color__hover=\u00bb#2585b2&#8243; box_shadow_blur__hover_enabled=\u00bboff\u00bb box_shadow_blur__hover=\u00bb20px\u00bb box_shadow_vertical__hover_enabled=\u00bboff\u00bb box_shadow_vertical__hover=\u00bb10px\u00bb][\/et_pb_button][\/et_pb_column][et_pb_column type=\u00bb2_5&#8243; _builder_version=\u00bb3.26.2&#8243; global_colors_info=\u00bb{}\u00bb][et_pb_image src=\u00bbhttps:\/\/ramsessrl.com.ar\/wp-content\/uploads\/2022\/11\/lgoo-bloemen-BLANCO-png.png\u00bb title_text=\u00bblgoo bloemen BLANCO png\u00bb url=\u00bbhttps:\/\/www.bloemen.com.ar\/\u00bb _builder_version=\u00bb4.14.7&#8243; max_width_tablet=\u00bb180px\u00bb max_width_phone=\u00bb\u00bb max_width_last_edited=\u00bbon|desktop\u00bb custom_margin=\u00bb-8.8vw|-1vw|-43vw||false|false\u00bb custom_margin_tablet=\u00bb0vw|0vw|0vw||false|false\u00bb custom_margin_phone=\u00bb\u00bb custom_margin_last_edited=\u00bbon|tablet\u00bb custom_padding=\u00bb0px||||false|false\u00bb global_colors_info=\u00bb{}\u00bb][\/et_pb_image][\/et_pb_column][\/et_pb_row][et_pb_row column_structure=\u00bb1_4,1_4,1_4,1_4&#8243; _builder_version=\u00bb4.14.7&#8243; _module_preset=\u00bbdefault\u00bb use_background_color_gradient=\u00bbon\u00bb background_color_gradient_start=\u00bb#006099&#8243; background_color_gradient_end=\u00bb#29c0db\u00bb width=\u00bb100%\u00bb max_width=\u00bb2560px\u00bb custom_margin=\u00bb0px||0px||false|false\u00bb custom_padding=\u00bb0px|40px|0px|40px|false|false\u00bb global_colors_info=\u00bb{}\u00bb][et_pb_column type=\u00bb1_4&#8243; _builder_version=\u00bb4.14.7&#8243; _module_preset=\u00bbdefault\u00bb global_colors_info=\u00bb{}\u00bb][et_pb_image src=\u00bbhttps:\/\/ramsessrl.com.ar\/wp-content\/uploads\/2022\/11\/01-bloemen-1.png\u00bb title_text=\u00bb01 bloemen\u00bb _builder_version=\u00bb4.14.7&#8243; _module_preset=\u00bbdefault\u00bb global_colors_info=\u00bb{}\u00bb][\/et_pb_image][\/et_pb_column][et_pb_column type=\u00bb1_4&#8243; _builder_version=\u00bb4.14.7&#8243; _module_preset=\u00bbdefault\u00bb global_colors_info=\u00bb{}\u00bb][et_pb_image src=\u00bbhttps:\/\/ramsessrl.com.ar\/wp-content\/uploads\/2022\/11\/02-bloemen-1.png\u00bb title_text=\u00bb02 bloemen\u00bb _builder_version=\u00bb4.14.7&#8243; _module_preset=\u00bbdefault\u00bb global_colors_info=\u00bb{}\u00bb][\/et_pb_image][\/et_pb_column][et_pb_column type=\u00bb1_4&#8243; _builder_version=\u00bb4.14.7&#8243; _module_preset=\u00bbdefault\u00bb global_colors_info=\u00bb{}\u00bb][et_pb_image src=\u00bbhttps:\/\/ramsessrl.com.ar\/wp-content\/uploads\/2022\/11\/03-bloemen-1.png\u00bb title_text=\u00bb03 bloemen\u00bb _builder_version=\u00bb4.14.7&#8243; _module_preset=\u00bbdefault\u00bb global_colors_info=\u00bb{}\u00bb][\/et_pb_image][\/et_pb_column][et_pb_column type=\u00bb1_4&#8243; _builder_version=\u00bb4.14.7&#8243; _module_preset=\u00bbdefault\u00bb global_colors_info=\u00bb{}\u00bb][et_pb_image src=\u00bbhttps:\/\/ramsessrl.com.ar\/wp-content\/uploads\/2022\/11\/04-bloemene-1.png\u00bb title_text=\u00bb04 bloemene\u00bb _builder_version=\u00bb4.14.7&#8243; _module_preset=\u00bbdefault\u00bb global_colors_info=\u00bb{}\u00bb][\/et_pb_image][\/et_pb_column][\/et_pb_row][et_pb_row column_structure=\u00bb1_2,1_2&#8243; use_custom_gutter=\u00bbon\u00bb gutter_width=\u00bb4&#8243; make_equal=\u00bbon\u00bb _builder_version=\u00bb4.14.7&#8243; background_color=\u00bbrgba(255,255,255,0.89)\u00bb max_width=\u00bb2560px\u00bb overflow-x=\u00bbvisible\u00bb overflow-y=\u00bbvisible\u00bb custom_margin=\u00bb|||||false\u00bb custom_padding=\u00bb0px|0px|0px|0px|true|true\u00bb box_shadow_style=\u00bbpreset3&#8243; box_shadow_vertical=\u00bb26px\u00bb box_shadow_blur=\u00bb90px\u00bb box_shadow_spread=\u00bb-14px\u00bb box_shadow_color=\u00bbrgba(0,71,214,0.18)\u00bb locked=\u00bboff\u00bb global_colors_info=\u00bb{}\u00bb box_shadow_vertical__hover=\u00bb10px\u00bb box_shadow_vertical__hover_enabled=\u00bboff\u00bb box_shadow_blur__hover=\u00bb20px\u00bb box_shadow_blur__hover_enabled=\u00bboff\u00bb box_shadow_color__hover=\u00bb#2585b2&#8243;][et_pb_column type=\u00bb1_2&#8243; _builder_version=\u00bb3.26.2&#8243; global_colors_info=\u00bb{}\u00bb][et_pb_text _builder_version=\u00bb4.14.7&#8243; _module_preset=\u00bbdefault\u00bb text_text_color=\u00bb#000000&#8243; custom_padding=\u00bb50px|||26px|false|false\u00bb custom_padding_tablet=\u00bb50px|||26px|false|false\u00bb custom_padding_phone=\u00bb|26px|||false|false\u00bb custom_padding_last_edited=\u00bbon|phone\u00bb hover_enabled=\u00bb0&#8243; global_colors_info=\u00bb{}\u00bb sticky_enabled=\u00bb0&#8243;]<\/p>\n<p style=\"text-align: justify;\"><span style=\"font-size: xx-large;\"><strong><span style=\"color: #006099;\">L\u00cdQUIDOS<\/span><\/strong><\/span><\/p>\n<p style=\"text-align: justify;\"><strong><span style=\"color: #2991b9;\">MAXICORRECTORES: <\/span><\/strong>foliares con elevada concentraci\u00f3n de nutrientes con materias primas de excelente calidad.<\/p>\n<ul style=\"text-align: justify;\">\n<li><strong>MAXI ZN<\/strong><\/li>\n<li><strong>MAXI BORO<\/strong><\/li>\n<li><strong>MAXI CALCIO<\/strong><\/li>\n<li><strong>MAXI MG<\/strong><\/li>\n<\/ul>\n<p style=\"text-align: justify;\"><strong><span style=\"color: #2991b9;\">FOSFITOS:<\/span><\/strong> bioestimulantes de \u00faltima generaci\u00f3n, doble efecto, mejora sanidad activando los mecanismos de autodefensa de la planta por efecto de los fosfitos.<\/p>\n<p style=\"text-align: justify;\">Revierten situaciones de estr\u00e9s y ayudan a la penetraci\u00f3n de nutrientes a la planta por la acci\u00f3n de los L- a-amino\u00e1cidos.<\/p>\n<ul style=\"text-align: justify;\">\n<li><strong>FOSFITO CU<\/strong><\/li>\n<li><strong>FOSFITO DE POTASIO<\/strong><\/li>\n<li><strong>FOSFITO ZN<\/strong><\/li>\n<\/ul>\n<p style=\"text-align: justify;\"><strong><span style=\"color: #2991b9;\">AMINOCORRECTORES:<\/span><\/strong> correctores foliares a base de amino\u00e1cidos y el elemento corrector en concentraciones adecuadas m\u00e1s el agregado de micronutrientes los que se encuentran quelatados con L- a-amino\u00e1cidos.<\/p>\n<ul style=\"text-align: justify;\">\n<li><strong>AMINO FE<\/strong><\/li>\n<li><strong>AMINO K<\/strong><\/li>\n<li><strong>CORRECTOR DE MG BIOBLOEMEN<\/strong><\/li>\n<li><strong>BIOBLOEMEN CORRECTOR AMINO B<\/strong><\/li>\n<li><strong>BIOBLOEMEN CORRECTOR AMINO ZN<\/strong><\/li>\n<li><strong>CORRECTOR DE CA<\/strong><\/li>\n<li><strong>BIOBLOEMEN CORRECTOR DE N<\/strong><\/li>\n<\/ul>\n<p style=\"text-align: justify;\"><span style=\"color: #2991b9;\"><strong>BIOBLOEMEN FERTILIZANTES ORG\u00c1NICO L\u00cdQUIDOS:<\/strong><\/span> poseen un importante contenido de materia org\u00e1nica, macronutrientes de alta disponibilidad, micronutrientes quelatados, amino\u00e1cidos libros, \u00e1cidos h\u00famicos y micronutrientes aer\u00f3bicos.<\/p>\n<ul>\n<li style=\"text-align: justify;\"><strong>FOL 5-1-1<\/strong><\/li>\n<li style=\"text-align: justify;\"><strong>FOL MIX<\/strong><\/li>\n<li style=\"text-align: justify;\"><strong>FOL N<\/strong><\/li>\n<li style=\"text-align: justify;\"><strong>PROMOTOR DE CRECIMIENTO BIOBLOEMEN<\/strong><\/li>\n<\/ul>\n<p>[\/et_pb_text][\/et_pb_column][et_pb_column type=\u00bb1_2&#8243; _builder_version=\u00bb3.26.2&#8243; global_colors_info=\u00bb{}\u00bb][et_pb_text _builder_version=\u00bb4.14.7&#8243; _module_preset=\u00bbdefault\u00bb custom_padding=\u00bb50px|26px||0px|false|false\u00bb custom_padding_tablet=\u00bb50px|26px||0px|false|false\u00bb custom_padding_phone=\u00bb50px|26px||26px|false|false\u00bb custom_padding_last_edited=\u00bbon|phone\u00bb global_colors_info=\u00bb{}\u00bb]<\/p>\n<p style=\"text-align: justify;\"><span style=\"font-size: xx-large;\"><strong><span style=\"color: #006099;\">S\u00d3LIDOS<\/span><\/strong><\/span><\/p>\n<p style=\"text-align: justify;\"><span style=\"font-size: xx-large;\"><strong><span style=\"color: #006099;\"><\/span><\/strong><\/span><\/p>\n<p style=\"text-align: justify;\"><span style=\"color: #2991b9;\"><strong>ORG\u00c1NICOS:<\/strong><\/span> Fertilizantes org\u00e1nicos elaborados mediante estrictos procedimientos de compostaci\u00f3n, a trav\u00e9s de lentos procesos de fermentaciones bacterianas, siguiendo estrictos controles de verificaci\u00f3n de su contenido nutricional, logrando equilibradas concentraciones de Macro y Micro nutrientes, elevadas concentraciones Calcio, Azufre, Magnesio y EM Quelatado, un 50% al 65% de materia org\u00e1nica, alta capacidad Buffer.<\/p>\n<ul style=\"text-align: justify;\">\n<li><strong>BIOBLOEMEN<\/strong><\/li>\n<li><strong>BIOBLOEMEN 15N<\/strong><\/li>\n<\/ul>\n<p style=\"text-align: justify;\"><span style=\"color: #2991b9;\"><strong>ORG\u00c1NICOS-QU\u00cdMICOS:<\/strong><\/span> Constituidos a partir de materias primas de primera calidad, mediante estrictos procedimientos de compostaci\u00f3n, a trav\u00e9s de lentos procesos de fermentaciones bacterianas, al cual se adicionan nutrientes de forma ex\u00f3gena, logrando las distintas f\u00f3rmulas nutricionales balanceadas. Ideales para asegurar un crecimiento r\u00e1pido, sano y vigoroso de los cultivos.<\/p>\n<p style=\"text-align: justify;\">\n<ul>\n<li style=\"text-align: justify;\"><strong>BLOEMEN<\/strong><\/li>\n<li style=\"text-align: justify;\"><strong>BLOEMEN 12<\/strong><\/li>\n<li style=\"text-align: justify;\"><strong>BLOEMEN 20 N<\/strong><\/li>\n<li style=\"text-align: justify;\"><strong>BLOEMEN17 N<\/strong><strong><\/strong><strong><\/strong><\/li>\n<\/ul>\n<p>[\/et_pb_text][\/et_pb_column][\/et_pb_row][et_pb_row _builder_version=\u00bb4.14.7&#8243; _module_preset=\u00bbdefault\u00bb use_background_color_gradient=\u00bbon\u00bb background_color_gradient_start=\u00bb#29c0db\u00bb background_color_gradient_end=\u00bb#2991b9&#8243; width=\u00bb100%\u00bb max_width=\u00bb2560px\u00bb global_colors_info=\u00bb{}\u00bb][et_pb_column type=\u00bb4_4&#8243; _builder_version=\u00bb4.14.7&#8243; _module_preset=\u00bbdefault\u00bb global_colors_info=\u00bb{}\u00bb][et_pb_text _builder_version=\u00bb4.14.7&#8243; _module_preset=\u00bbdefault\u00bb text_text_color=\u00bb#FFFFFF\u00bb text_font_size=\u00bb35px\u00bb ul_text_align=\u00bbcenter\u00bb ul_font_size=\u00bb25px\u00bb header_font_size=\u00bb32px\u00bb text_orientation=\u00bbcenter\u00bb width=\u00bb100%\u00bb max_width=\u00bb100%\u00bb module_alignment=\u00bbcenter\u00bb hover_enabled=\u00bb0&#8243; text_font_size_tablet=\u00bb33px\u00bb text_font_size_phone=\u00bb28px\u00bb text_font_size_last_edited=\u00bbon|phone\u00bb global_colors_info=\u00bb{}\u00bb header_font_size__hover_enabled=\u00bbon|desktop\u00bb sticky_enabled=\u00bb0&#8243; header_font_size_last_edited=\u00bbon|tablet\u00bb header_font_size_tablet=\u00bb47px\u00bb text_line_height=\u00bb1em\u00bb header_font_size__hover=\u00bb32px\u00bb header_font_size_phone=\u00bb47px\u00bb]<\/p>\n<p><strong>COMPROMETIDOS CON EL AGRO Y LA INDUSTRIA DE NUESTRA REGI\u00d3N<\/strong><\/p>\n<p>[\/et_pb_text][\/et_pb_column][\/et_pb_row][\/et_pb_section][et_pb_section fb_built=\u00bb1&#8243; admin_label=\u00bbBlog\u00bb _builder_version=\u00bb3.26.2&#8243; custom_padding=\u00bb0px||0px|||\u00bb global_colors_info=\u00bb{}\u00bb][et_pb_row column_structure=\u00bb1_4,1_4,1_4,1_4&#8243; use_custom_gutter=\u00bbon\u00bb gutter_width=\u00bb2&#8243; make_equal=\u00bbon\u00bb _builder_version=\u00bb3.26.2&#8243; overflow-x=\u00bbvisible\u00bb overflow-y=\u00bbvisible\u00bb locked=\u00bboff\u00bb global_colors_info=\u00bb{}\u00bb][et_pb_column type=\u00bb1_4&#8243; _builder_version=\u00bb3.26.2&#8243; background_color=\u00bb#ffffff\u00bb custom_padding=\u00bb40px|20px|40px|20px|true|true\u00bb box_shadow_style=\u00bbpreset3&#8243; box_shadow_vertical=\u00bb26px\u00bb box_shadow_blur=\u00bb90px\u00bb box_shadow_spread=\u00bb-14px\u00bb box_shadow_color=\u00bbrgba(0,71,214,0.18)\u00bb global_colors_info=\u00bb{}\u00bb box_shadow_vertical__hover=\u00bb10px\u00bb box_shadow_vertical__hover_enabled=\u00bboff\u00bb box_shadow_blur__hover=\u00bb20px\u00bb box_shadow_blur__hover_enabled=\u00bboff\u00bb box_shadow_color__hover=\u00bb#2585b2&#8243;][et_pb_blurb title=\u00bbDIRECCI\u00d3N\u00bb image=\u00bbhttps:\/\/ramsessrl.com.ar\/wp-content\/uploads\/2022\/10\/hvac-icon-025-1.png\u00bb _builder_version=\u00bb4.14.7&#8243; header_font=\u00bbHeebo|800|||||||\u00bb header_font_size=\u00bb16px\u00bb header_line_height=\u00bb1.5em\u00bb body_font=\u00bb||||||||\u00bb body_line_height=\u00bb1.8em\u00bb text_orientation=\u00bbcenter\u00bb header_font_size_tablet=\u00bb15px\u00bb header_font_size_phone=\u00bb14px\u00bb header_font_size_last_edited=\u00bbon|phone\u00bb body_font_size_phone=\u00bb14px\u00bb body_font_size_last_edited=\u00bboff|phone\u00bb locked=\u00bboff\u00bb global_colors_info=\u00bb{}\u00bb]<\/p>\n<p><span>Av. Uruguay 3578 &#8211; Posadas &#8211; Misiones<\/span><\/p>\n<p><span>Ruta Provincial N\u00b0 27 Km 4893 Bella Vista &#8211; Corrientes<\/span><\/p>\n<p>[\/et_pb_blurb][\/et_pb_column][et_pb_column type=\u00bb1_4&#8243; _builder_version=\u00bb3.26.2&#8243; background_color=\u00bb#ffffff\u00bb custom_padding=\u00bb40px|20px|40px|20px|true|true\u00bb box_shadow_style=\u00bbpreset3&#8243; box_shadow_vertical=\u00bb26px\u00bb box_shadow_blur=\u00bb90px\u00bb box_shadow_spread=\u00bb-14px\u00bb box_shadow_color=\u00bbrgba(0,71,214,0.18)\u00bb global_colors_info=\u00bb{}\u00bb box_shadow_vertical__hover=\u00bb10px\u00bb box_shadow_vertical__hover_enabled=\u00bboff\u00bb box_shadow_blur__hover=\u00bb20px\u00bb box_shadow_blur__hover_enabled=\u00bboff\u00bb box_shadow_color__hover=\u00bb#2585b2&#8243;][et_pb_blurb title=\u00bbTEL\u00c9FONO FIJO\u00bb image=\u00bbhttps:\/\/ramsessrl.com.ar\/wp-content\/uploads\/2022\/10\/hvac-icon-026-1.png\u00bb _builder_version=\u00bb4.13.0&#8243; header_font=\u00bbHeebo|800|||||||\u00bb header_font_size=\u00bb16px\u00bb header_line_height=\u00bb1.5em\u00bb body_font=\u00bb||||||||\u00bb body_line_height=\u00bb1.8em\u00bb text_orientation=\u00bbcenter\u00bb header_font_size_tablet=\u00bb15px\u00bb header_font_size_phone=\u00bb14px\u00bb header_font_size_last_edited=\u00bbon|phone\u00bb body_font_size_phone=\u00bb14px\u00bb body_font_size_last_edited=\u00bboff|phone\u00bb locked=\u00bboff\u00bb global_colors_info=\u00bb{}\u00bb]<\/p>\n<p><span>+54-9-376-4431773<\/span><\/p>\n<p>[\/et_pb_blurb][\/et_pb_column][et_pb_column type=\u00bb1_4&#8243; _builder_version=\u00bb3.26.2&#8243; background_color=\u00bb#ffffff\u00bb custom_padding=\u00bb40px|20px|40px|20px|true|true\u00bb box_shadow_style=\u00bbpreset3&#8243; box_shadow_vertical=\u00bb26px\u00bb box_shadow_blur=\u00bb90px\u00bb box_shadow_spread=\u00bb-14px\u00bb box_shadow_color=\u00bbrgba(0,71,214,0.18)\u00bb global_colors_info=\u00bb{}\u00bb box_shadow_vertical__hover=\u00bb10px\u00bb box_shadow_vertical__hover_enabled=\u00bboff\u00bb box_shadow_blur__hover=\u00bb20px\u00bb box_shadow_blur__hover_enabled=\u00bboff\u00bb box_shadow_color__hover=\u00bb#2585b2&#8243;][et_pb_blurb title=\u00bbEMAIL\u00bb image=\u00bbhttps:\/\/ramsessrl.com.ar\/wp-content\/uploads\/2022\/10\/hvac-icon-027-1.png\u00bb _builder_version=\u00bb4.13.0&#8243; header_font=\u00bbHeebo|800|||||||\u00bb header_font_size=\u00bb16px\u00bb header_line_height=\u00bb1.5em\u00bb body_font=\u00bb||||||||\u00bb body_line_height=\u00bb1.8em\u00bb body_link_font=\u00bb|600|||||||\u00bb body_link_text_color=\u00bb#45b2ff\u00bb text_orientation=\u00bbcenter\u00bb header_font_size_tablet=\u00bb15px\u00bb header_font_size_phone=\u00bb14px\u00bb header_font_size_last_edited=\u00bbon|phone\u00bb body_font_size_phone=\u00bb14px\u00bb body_font_size_last_edited=\u00bboff|phone\u00bb locked=\u00bboff\u00bb global_colors_info=\u00bb{}\u00bb]<\/p>\n<p><a rel=\"nofollow noopener\" target=\"_blank\" href=\"mailto:compras@ramsessrl.com.ar\">compras@ramsessrl.com.ar<\/a><\/p>\n<p>[\/et_pb_blurb][\/et_pb_column][et_pb_column type=\u00bb1_4&#8243; _builder_version=\u00bb3.26.2&#8243; background_color=\u00bb#ffffff\u00bb custom_padding=\u00bb40px|20px|40px|20px|true|true\u00bb box_shadow_style=\u00bbpreset3&#8243; box_shadow_vertical=\u00bb26px\u00bb box_shadow_blur=\u00bb90px\u00bb box_shadow_spread=\u00bb-14px\u00bb box_shadow_color=\u00bbrgba(0,71,214,0.18)\u00bb global_colors_info=\u00bb{}\u00bb box_shadow_vertical__hover=\u00bb10px\u00bb box_shadow_vertical__hover_enabled=\u00bboff\u00bb box_shadow_blur__hover=\u00bb20px\u00bb box_shadow_blur__hover_enabled=\u00bboff\u00bb box_shadow_color__hover=\u00bb#2585b2&#8243;][et_pb_blurb title=\u00bbHORARIOS\u00bb image=\u00bbhttps:\/\/ramsessrl.com.ar\/wp-content\/uploads\/2022\/10\/hvac-icon-028-1.png\u00bb _builder_version=\u00bb4.13.0&#8243; header_font=\u00bbHeebo|800|||||||\u00bb header_font_size=\u00bb16px\u00bb header_line_height=\u00bb1.5em\u00bb body_font=\u00bb||||||||\u00bb body_line_height=\u00bb1.8em\u00bb text_orientation=\u00bbcenter\u00bb header_font_size_tablet=\u00bb15px\u00bb header_font_size_phone=\u00bb14px\u00bb header_font_size_last_edited=\u00bbon|phone\u00bb body_font_size_phone=\u00bb14px\u00bb body_font_size_last_edited=\u00bboff|phone\u00bb locked=\u00bboff\u00bb global_colors_info=\u00bb{}\u00bb]<\/p>\n<p><span>Lunes a viernes de <\/span><span style=\"font-size: 14px;\">08:00 a 17:00 de corrido.<\/span><\/p>\n<p><span style=\"font-size: 14px;\">S\u00e1bados de 8:00 a 12.30 hs.<\/span><\/p>\n<p>[\/et_pb_blurb][\/et_pb_column][\/et_pb_row][\/et_pb_section]<\/p>\n","protected":false},"excerpt":{"rendered":"<p>FERTILIZANTES SUSTENTABLESL\u00cdQUIDOS MAXICORRECTORES: foliares con elevada concentraci\u00f3n de nutrientes con materias primas de excelente calidad. MAXI ZN MAXI BORO MAXI CALCIO MAXI MG FOSFITOS: bioestimulantes de \u00faltima generaci\u00f3n, doble efecto, mejora sanidad activando los mecanismos de autodefensa de la planta por efecto de los fosfitos. Revierten situaciones de estr\u00e9s y ayudan a la penetraci\u00f3n de [&hellip;]<\/p>\n","protected":false},"author":2,"featured_media":0,"parent":0,"menu_order":0,"comment_status":"closed","ping_status":"closed","template":"","meta":{"_et_pb_use_builder":"on","_et_pb_old_content":"","_et_gb_content_width":"","footnotes":""},"class_list":["post-235","page","type-page","status-publish","hentry"],"_links":{"self":[{"href":"https:\/\/ramsessrl.com.ar\/index.php?rest_route=\/wp\/v2\/pages\/235"}],"collection":[{"href":"https:\/\/ramsessrl.com.ar\/index.php?rest_route=\/wp\/v2\/pages"}],"about":[{"href":"https:\/\/ramsessrl.com.ar\/index.php?rest_route=\/wp\/v2\/types\/page"}],"author":[{"embeddable":true,"href":"https:\/\/ramsessrl.com.ar\/index.php?rest_route=\/wp\/v2\/users\/2"}],"replies":[{"embeddable":true,"href":"https:\/\/ramsessrl.com.ar\/index.php?rest_route=%2Fwp%2Fv2%2Fcomments&post=235"}],"version-history":[{"count":27,"href":"https:\/\/ramsessrl.com.ar\/index.php?rest_route=\/wp\/v2\/pages\/235\/revisions"}],"predecessor-version":[{"id":638,"href":"https:\/\/ramsessrl.com.ar\/index.php?rest_route=\/wp\/v2\/pages\/235\/revisions\/638"}],"wp:attachment":[{"href":"https:\/\/ramsessrl.com.ar\/index.php?rest_route=%2Fwp%2Fv2%2Fmedia&parent=235"}],"curies":[{"name":"wp","href":"https:\/\/api.w.org\/{rel}","templated":true}]}}