{"id":396,"date":"2022-11-04T00:50:35","date_gmt":"2022-11-04T00:50:35","guid":{"rendered":"https:\/\/ramsessrl.com.ar\/?page_id=396"},"modified":"2022-11-22T17:38:47","modified_gmt":"2022-11-22T17:38:47","slug":"tanques-acero-y-plastico","status":"publish","type":"page","link":"https:\/\/ramsessrl.com.ar\/?page_id=396","title":{"rendered":"Tanques &#8211; Acero y pl\u00e1stico"},"content":{"rendered":"<p>[et_pb_section fb_built=\u00bb1&#8243; padding_top_bottom_link_2=\u00bbfalse\u00bb padding_left_right_link_2=\u00bbfalse\u00bb admin_label=\u00bbHeader\u00bb _builder_version=\u00bb4.14.7&#8243; use_background_color_gradient=\u00bbon\u00bb background_color_gradient_start=\u00bb#0c0a54&#8243; background_color_gradient_end=\u00bb#1f73b7&#8243; background_color_gradient_direction=\u00bb229deg\u00bb overflow-x=\u00bbhidden\u00bb overflow-y=\u00bbhidden\u00bb custom_padding=\u00bb||||false|false\u00bb bottom_divider_style=\u00bbslant\u00bb bottom_divider_color=\u00bb#ffffff\u00bb bottom_divider_height=\u00bb58vw\u00bb bottom_divider_flip=\u00bbhorizontal\u00bb hover_enabled=\u00bb0&#8243; locked=\u00bboff\u00bb global_colors_info=\u00bb{}\u00bb sticky_enabled=\u00bb0&#8243;][et_pb_row column_structure=\u00bb3_5,2_5&#8243; _builder_version=\u00bb4.14.7&#8243; max_width=\u00bb1390px\u00bb global_colors_info=\u00bb{}\u00bb locked=\u00bboff\u00bb][et_pb_column type=\u00bb3_5&#8243; _builder_version=\u00bb3.26.2&#8243; global_colors_info=\u00bb{}\u00bb][et_pb_text _builder_version=\u00bb4.14.7&#8243; header_font=\u00bbHeebo|300|||||||\u00bb header_font_size=\u00bb80px\u00bb background_layout=\u00bbdark\u00bb hover_enabled=\u00bb0&#8243; header_font_size_tablet=\u00bb70px\u00bb header_font_size_phone=\u00bb36px\u00bb header_font_size_last_edited=\u00bbon|phone\u00bb locked=\u00bboff\u00bb global_colors_info=\u00bb{}\u00bb sticky_enabled=\u00bb0&#8243;]<\/p>\n<h1><b>TANQUES ACERO<\/b><\/h1>\n<h1><b>PL\u00c1STICO<\/b><b><\/b><\/h1>\n<p><b><\/b><\/p>\n<p>[\/et_pb_text][et_pb_button button_url=\u00bbhttps:\/\/ramsessrl.com.ar\/contacto\/\u00bb button_text=\u00bbm\u00e1s informaci\u00f3n\u00bb _builder_version=\u00bb4.14.7&#8243; custom_button=\u00bbon\u00bb button_text_size=\u00bb14px\u00bb button_text_color=\u00bb#ffffff\u00bb button_bg_use_color_gradient=\u00bbon\u00bb button_bg_color_gradient_start=\u00bb#ffb565&#8243; button_bg_color_gradient_end=\u00bb#ff8e60&#8243; button_bg_color_gradient_direction=\u00bb148deg\u00bb button_border_width=\u00bb0px\u00bb button_border_radius=\u00bb100px\u00bb button_letter_spacing=\u00bb2px\u00bb button_font=\u00bbHeebo|700||on|||||\u00bb custom_padding=\u00bb15px|34px|15px|34px|true|true\u00bb box_shadow_style=\u00bbpreset3&#8243; box_shadow_vertical=\u00bb10px\u00bb box_shadow_blur=\u00bb30px\u00bb box_shadow_spread=\u00bb-10px\u00bb box_shadow_color=\u00bbrgba(255,142,96,0.39)\u00bb locked=\u00bboff\u00bb global_colors_info=\u00bb{}\u00bb box_shadow_color__hover=\u00bb#2585b2&#8243; box_shadow_blur__hover_enabled=\u00bboff\u00bb box_shadow_blur__hover=\u00bb20px\u00bb box_shadow_vertical__hover_enabled=\u00bboff\u00bb box_shadow_vertical__hover=\u00bb10px\u00bb][\/et_pb_button][\/et_pb_column][et_pb_column type=\u00bb2_5&#8243; _builder_version=\u00bb3.26.2&#8243; global_colors_info=\u00bb{}\u00bb][et_pb_image src=\u00bbhttps:\/\/ramsessrl.com.ar\/wp-content\/uploads\/2022\/11\/bertotto-BLANCO-LOGO-WEB.png\u00bb title_text=\u00bbbertotto BLANCO LOGO WEB\u00bb url=\u00bbhttps:\/\/www.bloemen.com.ar\/\u00bb _builder_version=\u00bb4.14.7&#8243; max_width_tablet=\u00bb180px\u00bb max_width_phone=\u00bb\u00bb max_width_last_edited=\u00bbon|desktop\u00bb custom_margin=\u00bb-8.8vw|-1vw|-43vw||false|false\u00bb custom_margin_tablet=\u00bb0vw|0vw|0vw||false|false\u00bb custom_margin_phone=\u00bb\u00bb custom_margin_last_edited=\u00bbon|tablet\u00bb custom_padding=\u00bb0px||||false|false\u00bb hover_enabled=\u00bb0&#8243; global_colors_info=\u00bb{}\u00bb sticky_enabled=\u00bb0&#8243;][\/et_pb_image][\/et_pb_column][\/et_pb_row][et_pb_row column_structure=\u00bb1_2,1_2&#8243; _builder_version=\u00bb4.14.7&#8243; _module_preset=\u00bbdefault\u00bb use_background_color_gradient=\u00bbon\u00bb background_color_gradient_start=\u00bb#ffffff\u00bb background_color_gradient_end=\u00bb#dddddd\u00bb width=\u00bb100%\u00bb max_width=\u00bb2560px\u00bb custom_margin=\u00bb||0px||false|false\u00bb custom_padding=\u00bb0px|40px|0px|40px|false|false\u00bb global_colors_info=\u00bb{}\u00bb][et_pb_column type=\u00bb1_2&#8243; _builder_version=\u00bb4.14.7&#8243; _module_preset=\u00bbdefault\u00bb global_colors_info=\u00bb{}\u00bb][et_pb_image src=\u00bbhttps:\/\/ramsessrl.com.ar\/wp-content\/uploads\/2022\/11\/BB-Horizontal-1-RGB.png\u00bb title_text=\u00bbBB Horizontal 1 RGB\u00bb url=\u00bbhttps:\/\/bertotto-boglione.com\/\u00bb show_bottom_space_tablet=\u00bb\u00bb show_bottom_space_phone=\u00bb\u00bb show_bottom_space_last_edited=\u00bbon|desktop\u00bb _builder_version=\u00bb4.14.7&#8243; _module_preset=\u00bbdefault\u00bb width=\u00bb79%\u00bb custom_margin=\u00bb|||241px|false|false\u00bb custom_margin_tablet=\u00bb|0px||0px|false|false\u00bb custom_margin_phone=\u00bb|||||false\u00bb custom_margin_last_edited=\u00bbon|phone\u00bb custom_padding=\u00bb24px||0px||false|false\u00bb global_colors_info=\u00bb{}\u00bb custom_margin__hover_enabled=\u00bbon|desktop\u00bb custom_margin__hover=\u00bb|||133px|false|false\u00bb][\/et_pb_image][\/et_pb_column][et_pb_column type=\u00bb1_2&#8243; _builder_version=\u00bb4.14.7&#8243; _module_preset=\u00bbdefault\u00bb global_colors_info=\u00bb{}\u00bb][et_pb_image src=\u00bbhttps:\/\/ramsessrl.com.ar\/wp-content\/uploads\/2022\/11\/Sin-titulo-4.png\u00bb title_text=\u00bbSin t\u00edtulo-4&#8243; show_bottom_space=\u00bboff\u00bb _builder_version=\u00bb4.14.7&#8243; _module_preset=\u00bbdefault\u00bb width=\u00bb100%\u00bb max_width=\u00bb100%\u00bb custom_margin=\u00bb0px|0px|0px|-171px|false|false\u00bb custom_padding=\u00bb0px||0px||false|false\u00bb global_colors_info=\u00bb{}\u00bb][\/et_pb_image][\/et_pb_column][\/et_pb_row][et_pb_row use_custom_gutter=\u00bbon\u00bb gutter_width=\u00bb4&#8243; make_equal=\u00bbon\u00bb _builder_version=\u00bb4.14.7&#8243; background_color=\u00bbrgba(255,255,255,0.89)\u00bb max_width=\u00bb2560px\u00bb overflow-x=\u00bbvisible\u00bb overflow-y=\u00bbvisible\u00bb custom_margin=\u00bb|||||false\u00bb custom_padding=\u00bb0px|0px|0px|0px|true|true\u00bb box_shadow_style=\u00bbpreset3&#8243; box_shadow_vertical=\u00bb26px\u00bb box_shadow_blur=\u00bb90px\u00bb box_shadow_spread=\u00bb-14px\u00bb box_shadow_color=\u00bbrgba(0,71,214,0.18)\u00bb locked=\u00bboff\u00bb global_colors_info=\u00bb{}\u00bb box_shadow_vertical__hover=\u00bb10px\u00bb box_shadow_vertical__hover_enabled=\u00bboff\u00bb box_shadow_blur__hover=\u00bb20px\u00bb box_shadow_blur__hover_enabled=\u00bboff\u00bb box_shadow_color__hover=\u00bb#2585b2&#8243;][et_pb_column type=\u00bb4_4&#8243; _builder_version=\u00bb3.26.2&#8243; global_colors_info=\u00bb{}\u00bb][et_pb_text _builder_version=\u00bb4.14.7&#8243; _module_preset=\u00bbdefault\u00bb text_text_color=\u00bb#000000&#8243; custom_padding=\u00bb50px|||26px|false|false\u00bb custom_padding_tablet=\u00bb50px|||26px|false|false\u00bb custom_padding_phone=\u00bb50px|26px||26px|false|false\u00bb custom_padding_last_edited=\u00bbon|phone\u00bb hover_enabled=\u00bb0&#8243; global_colors_info=\u00bb{}\u00bb sticky_enabled=\u00bb0&#8243;]<\/p>\n<p style=\"text-align: justify;\"><span style=\"font-size: xx-large;\"><strong><span style=\"color: #2991b9;\">DIVISI\u00d3N ACERO<\/span><\/strong><\/span><\/p>\n<p style=\"text-align: justify;\"><span style=\"font-size: xx-large;\"><strong><span style=\"color: #2991b9;\"><\/span><\/strong><\/span><\/p>\n<ul style=\"text-align: justify;\">\n<li>\n<p style=\"text-align: left;\"><span style=\"font-size: large;\">A\u00e9reos (Vertical y Horizontal) de 5.000 L hasta 150.000 L y medidas especiales.<\/span><\/p>\n<\/li>\n<li>\n<p style=\"text-align: left;\"><span style=\"font-size: large;\">Kit para recepci\u00f3n y despacho.<\/span><\/p>\n<\/li>\n<li>\n<p style=\"text-align: left;\"><span style=\"font-size: large;\">Subterr\u00e1neos (simple y doble pared) de 5.000 L hasta 60.000 L y medidas especiales.<\/span><\/p>\n<\/li>\n<li>\n<p style=\"text-align: left;\"><span style=\"font-size: large;\">Sistema moss de 10.000 L hasta 50.000 L.<\/span><\/p>\n<\/li>\n<li>\n<p style=\"text-align: left;\"><span style=\"font-size: large;\">Plantas de almacenamiento.<\/span><\/p>\n<\/li>\n<li>\n<p style=\"text-align: left;\"><span style=\"font-size: large;\">Estaciones port\u00e1tiles de combustibles.<\/span><\/p>\n<\/li>\n<li>\n<p style=\"text-align: left;\"><span style=\"font-size: large;\">Especiales.<\/span><\/p>\n<\/li>\n<\/ul>\n<p style=\"text-align: justify;\"><span style=\"font-size: x-large;\"><strong><span style=\"color: #2991b9;\"><\/span><\/strong><\/span><\/p>\n<p style=\"text-align: justify;\"><span style=\"font-size: x-large;\"><strong><span style=\"color: #2991b9;\"><\/span><\/strong><\/span><\/p>\n<p style=\"text-align: justify;\"><span style=\"font-size: x-large;\"><strong><span style=\"color: #2991b9;\">CARACTER\u00cdSTICAS ESPECIALES A\u00c9REOS:<\/span><\/strong><\/span><\/p>\n<ul style=\"text-align: justify;\">\n<li><span style=\"font-size: large;\">Tanques a\u00e9reos para dep\u00f3sito de combustibles y otros productos.<\/span><\/li>\n<li><span style=\"font-size: large;\">Construidos en chapa de acero al carbono con espesores y medidas de acuerdo a capacidades desde 5.000 hasta 150.000 litros.<\/span><\/li>\n<li><span style=\"font-size: large;\">Con conexiones para accesorios.<\/span><\/li>\n<\/ul>\n<p><strong style=\"font-size: 14px;\"><\/strong><\/p>\n<p style=\"text-align: justify;\"><span style=\"font-size: x-large;\"><strong><span style=\"color: #2991b9;\"><\/span><\/strong><\/span><\/p>\n<p style=\"text-align: justify;\"><span style=\"font-size: x-large;\"><strong><span style=\"color: #2991b9;\">CARACTER\u00cdSTICAS ESPECIALES SUBTERR\u00c1NEOS:<\/span><\/strong><\/span><\/p>\n<p style=\"text-align: justify;\"><span style=\"font-size: x-large;\"><strong><span style=\"color: #2991b9;\"><\/span><\/strong><\/span><\/p>\n<ul style=\"text-align: justify;\">\n<li><span style=\"font-size: large;\">Tanques de simple y doble pared de acero.<\/span><\/li>\n<li><span style=\"font-size: large;\">Para dep\u00f3sito de: combustibles l\u00edquidos, agua y l\u00edquidos en general.<\/span><\/li>\n<li><span style=\"font-size: large;\">\u00a0Protecci\u00f3n externa anticorrosiva en base a pintura epoxy seg\u00fan requerimiento.<\/span><span style=\"font-size: large;\"><strong><\/strong><\/span><\/li>\n<\/ul>\n<p>[\/et_pb_text][et_pb_image src=\u00bbhttps:\/\/ramsessrl.com.ar\/wp-content\/uploads\/2022\/11\/Mesa-de-trabajo-39-copia-2@300x.png\u00bb title_text=\u00bbMesa de trabajo 39 copia 2@300x\u00bb _builder_version=\u00bb4.14.7&#8243; _module_preset=\u00bbdefault\u00bb global_colors_info=\u00bb{}\u00bb][\/et_pb_image][\/et_pb_column][\/et_pb_row][et_pb_row use_custom_gutter=\u00bbon\u00bb gutter_width=\u00bb4&#8243; make_equal=\u00bbon\u00bb _builder_version=\u00bb4.14.7&#8243; background_color=\u00bbrgba(255,255,255,0.89)\u00bb max_width=\u00bb2560px\u00bb overflow-x=\u00bbvisible\u00bb overflow-y=\u00bbvisible\u00bb custom_margin=\u00bb|||||false\u00bb custom_padding=\u00bb0px|0px|0px|0px|true|true\u00bb box_shadow_style=\u00bbpreset3&#8243; box_shadow_vertical=\u00bb26px\u00bb box_shadow_blur=\u00bb90px\u00bb box_shadow_spread=\u00bb-14px\u00bb box_shadow_color=\u00bbrgba(0,71,214,0.18)\u00bb locked=\u00bboff\u00bb global_colors_info=\u00bb{}\u00bb box_shadow_vertical__hover=\u00bb10px\u00bb box_shadow_vertical__hover_enabled=\u00bboff\u00bb box_shadow_blur__hover=\u00bb20px\u00bb box_shadow_blur__hover_enabled=\u00bboff\u00bb box_shadow_color__hover=\u00bb#2585b2&#8243;][et_pb_column type=\u00bb4_4&#8243; _builder_version=\u00bb3.26.2&#8243; global_colors_info=\u00bb{}\u00bb][et_pb_text _builder_version=\u00bb4.14.7&#8243; _module_preset=\u00bbdefault\u00bb text_text_color=\u00bb#000000&#8243; custom_padding=\u00bb50px|||26px|false|false\u00bb custom_padding_tablet=\u00bb50px|||26px|false|false\u00bb custom_padding_phone=\u00bb|26px|||false|false\u00bb custom_padding_last_edited=\u00bbon|desktop\u00bb global_colors_info=\u00bb{}\u00bb]<\/p>\n<p style=\"text-align: justify;\"><span style=\"font-size: xx-large;\"><strong><span style=\"color: #2991b9;\">DIVISI\u00d3N PL\u00c1STICOS<\/span><\/strong><\/span><\/p>\n<p style=\"text-align: justify;\"><span style=\"font-size: xx-large;\"><strong><span style=\"color: #2991b9;\"><\/span><\/strong><\/span><\/p>\n<ul style=\"text-align: justify;\">\n<li><span style=\"font-size: large;\">Horizontales (con base de apoyo integral) de 1000 L hasta 8.000 L.<\/span><\/li>\n<li><span style=\"font-size: large;\">Verticales (con fondo plano) de 5.000 L hasta 26.000 L.<\/span><\/li>\n<li><span style=\"font-size: large;\">Tolvas (para s\u00f3lidos y l\u00edquidos) de 16.000 L y 36.000 L.<\/span><\/li>\n<li><span style=\"font-size: large;\">Acoplados tanques (para el agro y la industria) de 1.000 L a 6.000 L.<\/span><\/li>\n<li><span style=\"font-size: large;\">Tanque modular (\u00fanico sistema en el pa\u00eds) de 2.500 L.<\/span><\/li>\n<\/ul>\n<p style=\"text-align: justify;\"><span style=\"font-size: x-large;\"><strong><span style=\"color: #2991b9;\"><\/span><\/strong><\/span><\/p>\n<p style=\"text-align: justify;\"><span style=\"font-size: x-large;\"><strong><span style=\"color: #2991b9;\"><\/span><\/strong><\/span><\/p>\n<p style=\"text-align: justify;\"><span style=\"font-size: x-large;\"><strong><span style=\"color: #2991b9;\">CARACTER\u00cdSTICAS ESPECIALES:<\/span><\/strong><\/span><\/p>\n<ul style=\"text-align: justify;\">\n<li><span style=\"font-size: large;\">Material: Polietileno 100% virgen.<\/span><\/li>\n<li><span style=\"font-size: large;\">Conexiones de entrada y salida para uso corriente o para usos espec\u00edficos. Boca pasa hombre.<\/span><\/li>\n<li><span style=\"font-size: large;\">Colores: natural o azul, otros a consultar.<\/span><\/li>\n<li><span style=\"font-size: large;\">Livianos, transportables, buena resistencia al impacto (reforzados).<\/span><\/li>\n<li><span style=\"font-size: large;\">Usos: fertilizantes, agroqu\u00edmicos, agua, gasoil, compatible con algunos \u00e1cidos y otros l\u00edquidos corrosivos.<\/span><span style=\"font-size: large;\"><strong><\/strong><\/span><span style=\"font-size: large;\"><strong><\/strong><\/span><span style=\"font-size: large;\"><strong><\/strong><\/span><\/li>\n<\/ul>\n<p>&nbsp;<\/p>\n<p>&nbsp;<\/p>\n<p>[\/et_pb_text][\/et_pb_column][\/et_pb_row][et_pb_row use_custom_gutter=\u00bbon\u00bb gutter_width=\u00bb4&#8243; make_equal=\u00bbon\u00bb _builder_version=\u00bb4.14.7&#8243; background_color=\u00bbrgba(255,255,255,0.89)\u00bb max_width=\u00bb2560px\u00bb overflow-x=\u00bbvisible\u00bb overflow-y=\u00bbvisible\u00bb custom_margin=\u00bb|||||false\u00bb custom_padding=\u00bb0px|0px|0px|0px|true|true\u00bb box_shadow_style=\u00bbpreset3&#8243; box_shadow_vertical=\u00bb26px\u00bb box_shadow_blur=\u00bb90px\u00bb box_shadow_spread=\u00bb-14px\u00bb box_shadow_color=\u00bbrgba(0,71,214,0.18)\u00bb locked=\u00bboff\u00bb global_colors_info=\u00bb{}\u00bb box_shadow_vertical__hover=\u00bb10px\u00bb box_shadow_vertical__hover_enabled=\u00bboff\u00bb box_shadow_blur__hover=\u00bb20px\u00bb box_shadow_blur__hover_enabled=\u00bboff\u00bb box_shadow_color__hover=\u00bb#2585b2&#8243;][et_pb_column type=\u00bb4_4&#8243; _builder_version=\u00bb3.26.2&#8243; global_colors_info=\u00bb{}\u00bb][et_pb_image src=\u00bbhttps:\/\/ramsessrl.com.ar\/wp-content\/uploads\/2022\/11\/TANQUES-PLANSTICO-BIEN.png\u00bb title_text=\u00bbTANQUES PLANSTICO BIEN\u00bb _builder_version=\u00bb4.14.7&#8243; _module_preset=\u00bbdefault\u00bb global_colors_info=\u00bb{}\u00bb][\/et_pb_image][et_pb_text _builder_version=\u00bb4.14.7&#8243; _module_preset=\u00bbdefault\u00bb text_text_color=\u00bb#000000&#8243; custom_margin=\u00bb-20px||20px||false|false\u00bb custom_padding=\u00bb0px|||26px|false|false\u00bb custom_padding_tablet=\u00bb0px|||26px|false|false\u00bb custom_padding_phone=\u00bb|26px|||false|false\u00bb custom_padding_last_edited=\u00bbon|desktop\u00bb global_colors_info=\u00bb{}\u00bb]<\/p>\n<p style=\"text-align: justify;\"><span style=\"font-size: xx-large;\"><strong><span style=\"color: #2991b9;\">ACCESORIOS:<\/span><\/strong><\/span><\/p>\n<p style=\"text-align: justify;\"><span style=\"font-size: x-large;\"><strong><span style=\"color: #2991b9;\"><\/span><\/strong><\/span><\/p>\n<ul style=\"text-align: justify;\">\n<li><span style=\"font-size: large;\">Accesorios para tanques, bombas y medidores.<\/span><\/li>\n<li><span style=\"font-size: large;\">Surtidores Wifi.<\/span><\/li>\n<li><span style=\"font-size: large;\">Telemedici\u00f3n Wifi.<\/span><\/li>\n<li><span style=\"font-size: large;\">Controladores Wifi.<\/span><\/li>\n<\/ul>\n<p>[\/et_pb_text][et_pb_image src=\u00bbhttps:\/\/ramsessrl.com.ar\/wp-content\/uploads\/2022\/11\/Mesa-de-trabajo-39@300x.png\u00bb title_text=\u00bbMesa de trabajo 39@300x\u00bb _builder_version=\u00bb4.14.7&#8243; _module_preset=\u00bbdefault\u00bb global_colors_info=\u00bb{}\u00bb][\/et_pb_image][\/et_pb_column][\/et_pb_row][et_pb_row _builder_version=\u00bb4.14.7&#8243; _module_preset=\u00bbdefault\u00bb use_background_color_gradient=\u00bbon\u00bb background_color_gradient_start=\u00bb#29c0db\u00bb background_color_gradient_end=\u00bb#2991b9&#8243; width=\u00bb100%\u00bb max_width=\u00bb2560px\u00bb global_colors_info=\u00bb{}\u00bb][et_pb_column type=\u00bb4_4&#8243; _builder_version=\u00bb4.14.7&#8243; _module_preset=\u00bbdefault\u00bb global_colors_info=\u00bb{}\u00bb][et_pb_text _builder_version=\u00bb4.14.7&#8243; _module_preset=\u00bbdefault\u00bb text_text_color=\u00bb#FFFFFF\u00bb text_font_size=\u00bb30px\u00bb ul_text_align=\u00bbcenter\u00bb ul_font_size=\u00bb25px\u00bb header_font_size=\u00bb32px\u00bb text_orientation=\u00bbcenter\u00bb width=\u00bb100%\u00bb max_width=\u00bb100%\u00bb module_alignment=\u00bbcenter\u00bb text_font_size_tablet=\u00bb28px\u00bb text_font_size_phone=\u00bb28px\u00bb text_font_size_last_edited=\u00bbon|desktop\u00bb global_colors_info=\u00bb{}\u00bb]<\/p>\n<p><strong>COMPROMETIDOS CON EL AGRO Y LA INDUSTRIA DE NUESTRA REGI\u00d3N<\/strong><\/p>\n<p>[\/et_pb_text][\/et_pb_column][\/et_pb_row][\/et_pb_section][et_pb_section fb_built=\u00bb1&#8243; admin_label=\u00bbBlog\u00bb _builder_version=\u00bb3.26.2&#8243; custom_padding=\u00bb0px||0px|||\u00bb global_colors_info=\u00bb{}\u00bb][et_pb_row column_structure=\u00bb1_4,1_4,1_4,1_4&#8243; use_custom_gutter=\u00bbon\u00bb gutter_width=\u00bb2&#8243; make_equal=\u00bbon\u00bb _builder_version=\u00bb3.26.2&#8243; overflow-x=\u00bbvisible\u00bb overflow-y=\u00bbvisible\u00bb locked=\u00bboff\u00bb global_colors_info=\u00bb{}\u00bb][et_pb_column type=\u00bb1_4&#8243; _builder_version=\u00bb3.26.2&#8243; background_color=\u00bb#ffffff\u00bb custom_padding=\u00bb40px|20px|40px|20px|true|true\u00bb box_shadow_style=\u00bbpreset3&#8243; box_shadow_vertical=\u00bb26px\u00bb box_shadow_blur=\u00bb90px\u00bb box_shadow_spread=\u00bb-14px\u00bb box_shadow_color=\u00bbrgba(0,71,214,0.18)\u00bb global_colors_info=\u00bb{}\u00bb box_shadow_vertical__hover=\u00bb10px\u00bb box_shadow_vertical__hover_enabled=\u00bboff\u00bb box_shadow_blur__hover=\u00bb20px\u00bb box_shadow_blur__hover_enabled=\u00bboff\u00bb box_shadow_color__hover=\u00bb#2585b2&#8243;][et_pb_blurb title=\u00bbDIRECCI\u00d3N\u00bb image=\u00bbhttps:\/\/ramsessrl.com.ar\/wp-content\/uploads\/2022\/10\/hvac-icon-025-1.png\u00bb _builder_version=\u00bb4.14.7&#8243; header_font=\u00bbHeebo|800|||||||\u00bb header_font_size=\u00bb16px\u00bb header_line_height=\u00bb1.5em\u00bb body_font=\u00bb||||||||\u00bb body_line_height=\u00bb1.8em\u00bb text_orientation=\u00bbcenter\u00bb header_font_size_tablet=\u00bb15px\u00bb header_font_size_phone=\u00bb14px\u00bb header_font_size_last_edited=\u00bbon|phone\u00bb body_font_size_phone=\u00bb14px\u00bb body_font_size_last_edited=\u00bboff|phone\u00bb locked=\u00bboff\u00bb global_colors_info=\u00bb{}\u00bb]<\/p>\n<p><span>Av. Uruguay 3578 &#8211; Posadas &#8211; Misiones<\/span><\/p>\n<p><span>Ruta Provincial N\u00b0 27 Km 4893 Bella Vista &#8211; Corrientes<\/span><\/p>\n<p>[\/et_pb_blurb][\/et_pb_column][et_pb_column type=\u00bb1_4&#8243; _builder_version=\u00bb3.26.2&#8243; background_color=\u00bb#ffffff\u00bb custom_padding=\u00bb40px|20px|40px|20px|true|true\u00bb box_shadow_style=\u00bbpreset3&#8243; box_shadow_vertical=\u00bb26px\u00bb box_shadow_blur=\u00bb90px\u00bb box_shadow_spread=\u00bb-14px\u00bb box_shadow_color=\u00bbrgba(0,71,214,0.18)\u00bb global_colors_info=\u00bb{}\u00bb box_shadow_vertical__hover=\u00bb10px\u00bb box_shadow_vertical__hover_enabled=\u00bboff\u00bb box_shadow_blur__hover=\u00bb20px\u00bb box_shadow_blur__hover_enabled=\u00bboff\u00bb box_shadow_color__hover=\u00bb#2585b2&#8243;][et_pb_blurb title=\u00bbTEL\u00c9FONO FIJO\u00bb image=\u00bbhttps:\/\/ramsessrl.com.ar\/wp-content\/uploads\/2022\/10\/hvac-icon-026-1.png\u00bb _builder_version=\u00bb4.13.0&#8243; header_font=\u00bbHeebo|800|||||||\u00bb header_font_size=\u00bb16px\u00bb header_line_height=\u00bb1.5em\u00bb body_font=\u00bb||||||||\u00bb body_line_height=\u00bb1.8em\u00bb text_orientation=\u00bbcenter\u00bb header_font_size_tablet=\u00bb15px\u00bb header_font_size_phone=\u00bb14px\u00bb header_font_size_last_edited=\u00bbon|phone\u00bb body_font_size_phone=\u00bb14px\u00bb body_font_size_last_edited=\u00bboff|phone\u00bb locked=\u00bboff\u00bb global_colors_info=\u00bb{}\u00bb]<\/p>\n<p><span>+54-9-376-4431773<\/span><\/p>\n<p>[\/et_pb_blurb][\/et_pb_column][et_pb_column type=\u00bb1_4&#8243; _builder_version=\u00bb3.26.2&#8243; background_color=\u00bb#ffffff\u00bb custom_padding=\u00bb40px|20px|40px|20px|true|true\u00bb box_shadow_style=\u00bbpreset3&#8243; box_shadow_vertical=\u00bb26px\u00bb box_shadow_blur=\u00bb90px\u00bb box_shadow_spread=\u00bb-14px\u00bb box_shadow_color=\u00bbrgba(0,71,214,0.18)\u00bb global_colors_info=\u00bb{}\u00bb box_shadow_vertical__hover=\u00bb10px\u00bb box_shadow_vertical__hover_enabled=\u00bboff\u00bb box_shadow_blur__hover=\u00bb20px\u00bb box_shadow_blur__hover_enabled=\u00bboff\u00bb box_shadow_color__hover=\u00bb#2585b2&#8243;][et_pb_blurb title=\u00bbEMAIL\u00bb image=\u00bbhttps:\/\/ramsessrl.com.ar\/wp-content\/uploads\/2022\/10\/hvac-icon-027-1.png\u00bb _builder_version=\u00bb4.13.0&#8243; header_font=\u00bbHeebo|800|||||||\u00bb header_font_size=\u00bb16px\u00bb header_line_height=\u00bb1.5em\u00bb body_font=\u00bb||||||||\u00bb body_line_height=\u00bb1.8em\u00bb body_link_font=\u00bb|600|||||||\u00bb body_link_text_color=\u00bb#45b2ff\u00bb text_orientation=\u00bbcenter\u00bb header_font_size_tablet=\u00bb15px\u00bb header_font_size_phone=\u00bb14px\u00bb header_font_size_last_edited=\u00bbon|phone\u00bb body_font_size_phone=\u00bb14px\u00bb body_font_size_last_edited=\u00bboff|phone\u00bb locked=\u00bboff\u00bb global_colors_info=\u00bb{}\u00bb]<\/p>\n<p><a rel=\"nofollow noopener\" target=\"_blank\" href=\"mailto:compras@ramsessrl.com.ar\">compras@ramsessrl.com.ar<\/a><\/p>\n<p>[\/et_pb_blurb][\/et_pb_column][et_pb_column type=\u00bb1_4&#8243; _builder_version=\u00bb3.26.2&#8243; background_color=\u00bb#ffffff\u00bb custom_padding=\u00bb40px|20px|40px|20px|true|true\u00bb box_shadow_style=\u00bbpreset3&#8243; box_shadow_vertical=\u00bb26px\u00bb box_shadow_blur=\u00bb90px\u00bb box_shadow_spread=\u00bb-14px\u00bb box_shadow_color=\u00bbrgba(0,71,214,0.18)\u00bb global_colors_info=\u00bb{}\u00bb box_shadow_vertical__hover=\u00bb10px\u00bb box_shadow_vertical__hover_enabled=\u00bboff\u00bb box_shadow_blur__hover=\u00bb20px\u00bb box_shadow_blur__hover_enabled=\u00bboff\u00bb box_shadow_color__hover=\u00bb#2585b2&#8243;][et_pb_blurb title=\u00bbHORARIOS\u00bb image=\u00bbhttps:\/\/ramsessrl.com.ar\/wp-content\/uploads\/2022\/10\/hvac-icon-028-1.png\u00bb _builder_version=\u00bb4.13.0&#8243; header_font=\u00bbHeebo|800|||||||\u00bb header_font_size=\u00bb16px\u00bb header_line_height=\u00bb1.5em\u00bb body_font=\u00bb||||||||\u00bb body_line_height=\u00bb1.8em\u00bb text_orientation=\u00bbcenter\u00bb header_font_size_tablet=\u00bb15px\u00bb header_font_size_phone=\u00bb14px\u00bb header_font_size_last_edited=\u00bbon|phone\u00bb body_font_size_phone=\u00bb14px\u00bb body_font_size_last_edited=\u00bboff|phone\u00bb locked=\u00bboff\u00bb global_colors_info=\u00bb{}\u00bb]<\/p>\n<p><span style=\"font-size: 14px;\"><span>Lunes a viernes de <\/span>08:00 a 17:00 de corrido.<\/span><\/p>\n<p><span style=\"font-size: 14px;\">S\u00e1bados de 8:00 a 12.30 hs.<\/span><\/p>\n<p>[\/et_pb_blurb][\/et_pb_column][\/et_pb_row][\/et_pb_section]<\/p>\n","protected":false},"excerpt":{"rendered":"<p>TANQUES ACERO PL\u00c1STICO DIVISI\u00d3N ACERO A\u00e9reos (Vertical y Horizontal) de 5.000 L hasta 150.000 L y medidas especiales. Kit para recepci\u00f3n y despacho. Subterr\u00e1neos (simple y doble pared) de 5.000 L hasta 60.000 L y medidas especiales. Sistema moss de 10.000 L hasta 50.000 L. Plantas de almacenamiento. Estaciones port\u00e1tiles de combustibles. Especiales. CARACTER\u00cdSTICAS ESPECIALES [&hellip;]<\/p>\n","protected":false},"author":2,"featured_media":0,"parent":0,"menu_order":0,"comment_status":"closed","ping_status":"closed","template":"","meta":{"_et_pb_use_builder":"on","_et_pb_old_content":"","_et_gb_content_width":"","footnotes":""},"class_list":["post-396","page","type-page","status-publish","hentry"],"_links":{"self":[{"href":"https:\/\/ramsessrl.com.ar\/index.php?rest_route=\/wp\/v2\/pages\/396"}],"collection":[{"href":"https:\/\/ramsessrl.com.ar\/index.php?rest_route=\/wp\/v2\/pages"}],"about":[{"href":"https:\/\/ramsessrl.com.ar\/index.php?rest_route=\/wp\/v2\/types\/page"}],"author":[{"embeddable":true,"href":"https:\/\/ramsessrl.com.ar\/index.php?rest_route=\/wp\/v2\/users\/2"}],"replies":[{"embeddable":true,"href":"https:\/\/ramsessrl.com.ar\/index.php?rest_route=%2Fwp%2Fv2%2Fcomments&post=396"}],"version-history":[{"count":15,"href":"https:\/\/ramsessrl.com.ar\/index.php?rest_route=\/wp\/v2\/pages\/396\/revisions"}],"predecessor-version":[{"id":710,"href":"https:\/\/ramsessrl.com.ar\/index.php?rest_route=\/wp\/v2\/pages\/396\/revisions\/710"}],"wp:attachment":[{"href":"https:\/\/ramsessrl.com.ar\/index.php?rest_route=%2Fwp%2Fv2%2Fmedia&parent=396"}],"curies":[{"name":"wp","href":"https:\/\/api.w.org\/{rel}","templated":true}]}}